

{"id":12092,"date":"2025-06-17T20:25:17","date_gmt":"2025-06-17T20:25:17","guid":{"rendered":"https:\/\/uniteller.com\/banortelink\/security\/"},"modified":"2025-06-23T23:34:48","modified_gmt":"2025-06-23T23:34:48","slug":"security","status":"publish","type":"page","link":"https:\/\/uniteller.com\/es\/banortelink\/security\/","title":{"rendered":"Security"},"content":{"rendered":"\t\t<div data-elementor-type=\"wp-page\" data-elementor-id=\"12092\" class=\"elementor elementor-12092 elementor-12052\" data-elementor-post-type=\"page\">\n\t\t\t\t\t\t<section class=\"elementor-section elementor-top-section elementor-element elementor-element-4f948301 elementor-section-boxed elementor-section-height-default elementor-section-height-default\" data-id=\"4f948301\" data-element_type=\"section\" data-e-type=\"section\" data-settings=\"{&quot;jet_parallax_layout_list&quot;:[]}\">\n\t\t\t\t\t\t<div class=\"elementor-container elementor-column-gap-default\">\n\t\t\t\t\t<div class=\"elementor-column elementor-col-100 elementor-top-column elementor-element elementor-element-3676d939\" data-id=\"3676d939\" data-element_type=\"column\" data-e-type=\"column\">\n\t\t\t<div class=\"elementor-widget-wrap elementor-element-populated\">\n\t\t\t\t\t\t<div class=\"elementor-element elementor-element-5e68eb1d elementor-widget elementor-widget-text-editor\" data-id=\"5e68eb1d\" data-element_type=\"widget\" data-e-type=\"widget\" data-widget_type=\"text-editor.default\">\n\t\t\t\t<div class=\"elementor-widget-container\">\n\t\t\t\t\t\t\t\t\t<p>En UniTeller, tu seguridad es nuestra m\u00e1xima prioridad. Aunque contamos con la tecnolog\u00eda mas moderna y procesos que te mantienen a ti y a tu informaci\u00f3n financiera protegida, hay ciertas medidas que puedes tomar de tu lado para mantener tu cuenta segura. Mantenerse informado acerca de los tipos de fraude que existen, es el primer paso para evitar ser v\u00edctima de fraude.<\/p>\t\t\t\t\t\t\t\t<\/div>\n\t\t\t\t<\/div>\n\t\t\t\t<div class=\"elementor-element elementor-element-1be9771c elementor-widget elementor-widget-heading\" data-id=\"1be9771c\" data-element_type=\"widget\" data-e-type=\"widget\" data-widget_type=\"heading.default\">\n\t\t\t\t<div class=\"elementor-widget-container\">\n\t\t\t\t\t<h2 class=\"elementor-heading-title elementor-size-default\">Tips para evitar el fraude<\/h2>\t\t\t\t<\/div>\n\t\t\t\t<\/div>\n\t\t\t\t<section class=\"elementor-section elementor-inner-section elementor-element elementor-element-1c21c154 elementor-section-boxed elementor-section-height-default elementor-section-height-default\" data-id=\"1c21c154\" data-element_type=\"section\" data-e-type=\"section\" data-settings=\"{&quot;jet_parallax_layout_list&quot;:[]}\">\n\t\t\t\t\t\t<div class=\"elementor-container elementor-column-gap-default\">\n\t\t\t\t\t<div class=\"elementor-column elementor-col-50 elementor-inner-column elementor-element elementor-element-1f41dcfd\" data-id=\"1f41dcfd\" data-element_type=\"column\" data-e-type=\"column\">\n\t\t\t<div class=\"elementor-widget-wrap elementor-element-populated\">\n\t\t\t\t\t\t<div class=\"elementor-element elementor-element-5c5fe744 elementor-hidden-mobile elementor-widget elementor-widget-image\" data-id=\"5c5fe744\" data-element_type=\"widget\" data-e-type=\"widget\" data-widget_type=\"image.default\">\n\t\t\t\t<div class=\"elementor-widget-container\">\n\t\t\t\t\t\t\t\t\t\t\t\t\t\t\t<img fetchpriority=\"high\" decoding=\"async\" width=\"500\" height=\"500\" src=\"https:\/\/uniteller.com\/wp-content\/uploads\/2025\/06\/05-Laptop_1.gif\" class=\"attachment-large size-large wp-image-12060\" alt=\"05 Laptop 1\" \/>\t\t\t\t\t\t\t\t\t\t\t\t\t\t\t<\/div>\n\t\t\t\t<\/div>\n\t\t\t\t\t<\/div>\n\t\t<\/div>\n\t\t\t\t<div class=\"elementor-column elementor-col-50 elementor-inner-column elementor-element elementor-element-10f04ced\" data-id=\"10f04ced\" data-element_type=\"column\" data-e-type=\"column\">\n\t\t\t<div class=\"elementor-widget-wrap elementor-element-populated\">\n\t\t\t\t\t\t<div class=\"elementor-element elementor-element-434be456 elementor-widget elementor-widget-jet-accordion\" data-id=\"434be456\" data-element_type=\"widget\" data-e-type=\"widget\" data-widget_type=\"jet-accordion.default\">\n\t\t\t\t<div class=\"elementor-widget-container\">\n\t\t\t\t\t\t\t<div class=\"jet-accordion\" data-settings=\"{&quot;collapsible&quot;:false,&quot;ajaxTemplate&quot;:false,&quot;switchScrolling&quot;:false,&quot;switchScrollingOffset&quot;:0,&quot;switchScrollingDelay&quot;:500}\">\n\t\t\t<div class=\"jet-accordion__inner\">\n\t\t\t\t<div class=\" jet-accordion__item jet-toggle jet-toggle-move-up-effect \">\n\t\t\t\t\t\t\t<div id=\"jet-toggle-control-1121\" class=\"jet-toggle__control elementor-menu-anchor\" data-toggle=\"1\" role=\"button\" tabindex=\"0\" aria-controls=\"jet-toggle-content-1121\" aria-expanded=\"false\" data-template-id=\"false\">\n\t\t\t\t\t\t\t\t<div class=\"jet-toggle__label-icon jet-toggle-icon-position-left\"><span class=\"jet-toggle__icon icon-normal jet-tabs-icon\"><i class=\"fas fa-plus\"><\/i><\/span><span class=\"jet-toggle__icon icon-active jet-tabs-icon\"><i class=\"fas fa-minus\"><\/i><\/span><\/div><div class=\"jet-toggle__label-text\">Protege tu cuenta<\/div>\t\t\t\t\t\t\t<\/div>\n\t\t\t\t\t\t\t<div id=\"jet-toggle-content-1121\" class=\"jet-toggle__content\" data-toggle=\"1\" role=\"region\" data-template-id=\"false\">\n\t\t\t\t\t\t\t\t<div class=\"jet-toggle__content-inner\"><p>Tome medidas de precauci\u00f3n activando la m\u00e1xima seguridad en la SuperApp.<\/p><ul><li>Utilice la configuraci\u00f3n de privacidad disponible activando Face ID o Touch ID para garantizar una capa adicional de seguridad. Adem\u00e1s, le recomendamos configurar la verificaci\u00f3n en dos pasos en la direcci\u00f3n de correo electr\u00f3nico asociada a su cuenta de Banorte Link.<\/li><li>Establezca una contrase\u00f1a \u00fanica. Duplicar contrase\u00f1as en plataformas como correo electr\u00f3nico, banca y redes sociales puede comprometer su seguridad y provocar el robo de identidad.<\/li><li>Considere la seguridad de su contrase\u00f1a. \u00abPassword123\u00bb puede ser f\u00e1cil de recordar, pero \u00bfes necesario decir que no es segura? A los hackers les gusta ir a lo m\u00e1s f\u00e1cil y probar primero las opciones obvias. Evite usar su nombre, direcci\u00f3n, fecha de nacimiento o datos personales al establecer una contrase\u00f1a.<\/li><li>En su lugar, use al menos ocho caracteres con una combinaci\u00f3n de letras min\u00fasculas y may\u00fasculas, n\u00fameros y s\u00edmbolos.<\/li><li>No comparta, guarde autom\u00e1ticamente ni guarde su contrase\u00f1a en l\u00ednea.<\/li><li>Cambie su contrase\u00f1a peri\u00f3dicamente.<\/li><\/ul><\/div>\n\t\t\t\t\t\t\t<\/div>\n\t\t\t\t\t\t<\/div>\t\t\t<\/div>\n\t\t<\/div>\n\t\t\t\t\t\t<\/div>\n\t\t\t\t<\/div>\n\t\t\t\t\t<\/div>\n\t\t<\/div>\n\t\t\t\t\t<\/div>\n\t\t<\/section>\n\t\t\t\t<section class=\"elementor-section elementor-inner-section elementor-element elementor-element-3500c173 elementor-section-boxed elementor-section-height-default elementor-section-height-default\" data-id=\"3500c173\" data-element_type=\"section\" data-e-type=\"section\" data-settings=\"{&quot;jet_parallax_layout_list&quot;:[]}\">\n\t\t\t\t\t\t<div class=\"elementor-container elementor-column-gap-default\">\n\t\t\t\t\t<div class=\"elementor-column elementor-col-50 elementor-inner-column elementor-element elementor-element-53a2e07c\" data-id=\"53a2e07c\" data-element_type=\"column\" data-e-type=\"column\">\n\t\t\t<div class=\"elementor-widget-wrap elementor-element-populated\">\n\t\t\t\t\t\t<div class=\"elementor-element elementor-element-73a634e8 elementor-hidden-mobile elementor-widget elementor-widget-image\" data-id=\"73a634e8\" data-element_type=\"widget\" data-e-type=\"widget\" data-widget_type=\"image.default\">\n\t\t\t\t<div class=\"elementor-widget-container\">\n\t\t\t\t\t\t\t\t\t\t\t\t\t\t\t<img decoding=\"async\" width=\"500\" height=\"500\" src=\"https:\/\/uniteller.com\/wp-content\/uploads\/2025\/06\/23-User_2.gif\" class=\"attachment-large size-large wp-image-12066\" alt=\"23 User 2\" \/>\t\t\t\t\t\t\t\t\t\t\t\t\t\t\t<\/div>\n\t\t\t\t<\/div>\n\t\t\t\t\t<\/div>\n\t\t<\/div>\n\t\t\t\t<div class=\"elementor-column elementor-col-50 elementor-inner-column elementor-element elementor-element-2868a700\" data-id=\"2868a700\" data-element_type=\"column\" data-e-type=\"column\">\n\t\t\t<div class=\"elementor-widget-wrap elementor-element-populated\">\n\t\t\t\t\t\t<div class=\"elementor-element elementor-element-8972495 elementor-widget elementor-widget-jet-accordion\" data-id=\"8972495\" data-element_type=\"widget\" data-e-type=\"widget\" data-widget_type=\"jet-accordion.default\">\n\t\t\t\t<div class=\"elementor-widget-container\">\n\t\t\t\t\t\t\t<div class=\"jet-accordion\" data-settings=\"{&quot;collapsible&quot;:false,&quot;ajaxTemplate&quot;:false,&quot;switchScrolling&quot;:false,&quot;switchScrollingOffset&quot;:0,&quot;switchScrollingDelay&quot;:500}\">\n\t\t\t<div class=\"jet-accordion__inner\">\n\t\t\t\t<div class=\" jet-accordion__item jet-toggle jet-toggle-move-up-effect \">\n\t\t\t\t\t\t\t<div id=\"jet-toggle-control-1441\" class=\"jet-toggle__control elementor-menu-anchor\" data-toggle=\"1\" role=\"button\" tabindex=\"0\" aria-controls=\"jet-toggle-content-1441\" aria-expanded=\"false\" data-template-id=\"false\">\n\t\t\t\t\t\t\t\t<div class=\"jet-toggle__label-icon jet-toggle-icon-position-left\"><span class=\"jet-toggle__icon icon-normal jet-tabs-icon\"><i class=\"fas fa-plus\"><\/i><\/span><span class=\"jet-toggle__icon icon-active jet-tabs-icon\"><i class=\"fas fa-minus\"><\/i><\/span><\/div><div class=\"jet-toggle__label-text\">Conoce a tu beneficiario<\/div>\t\t\t\t\t\t\t<\/div>\n\t\t\t\t\t\t\t<div id=\"jet-toggle-content-1441\" class=\"jet-toggle__content\" data-toggle=\"1\" role=\"region\" data-template-id=\"false\">\n\t\t\t\t\t\t\t\t<div class=\"jet-toggle__content-inner\"><p>Esto puede parecer obvio, pero solo env\u00eda dinero a las personas que conozcas, para que puedas reducir considerablemente la posibilidad de ser v\u00edctima de fraude.<\/p><ul><li>No env\u00edes dinero con el prop\u00f3sito de reclamar premios de loter\u00eda u otro tipo de premio con la premisa de recibir dinero.<\/li><li>No env\u00edes dinero para garantizar un pr\u00e9stamo, una tarjeta de debito o cr\u00e9dito.<\/li><li>No env\u00edes dinero en respuesta a ofertas hechas en internet o por tel\u00e9fono, especialmente cuando no estas seguro de su credibilidad.<\/li><li>No env\u00edes dinero a una persona que no conoces o que no podr\u00edas verificar su identidad.<\/li><li>No env\u00edes dinero a una persona que afirma ser un familiar tuyo y necesita dinero para una emergencia<\/li><li>No env\u00edes dinero para pagar al IRS o cualquier agencia gubernamental que te contacte v\u00eda tel\u00e9fono, correo electr\u00f3nico o mensajes afirmando que debes dinero al IRS.<\/li><\/ul><\/div>\n\t\t\t\t\t\t\t<\/div>\n\t\t\t\t\t\t<\/div>\t\t\t<\/div>\n\t\t<\/div>\n\t\t\t\t\t\t<\/div>\n\t\t\t\t<\/div>\n\t\t\t\t\t<\/div>\n\t\t<\/div>\n\t\t\t\t\t<\/div>\n\t\t<\/section>\n\t\t\t\t<section class=\"elementor-section elementor-inner-section elementor-element elementor-element-c1a5f6d elementor-section-boxed elementor-section-height-default elementor-section-height-default\" data-id=\"c1a5f6d\" data-element_type=\"section\" data-e-type=\"section\" data-settings=\"{&quot;jet_parallax_layout_list&quot;:[]}\">\n\t\t\t\t\t\t<div class=\"elementor-container elementor-column-gap-default\">\n\t\t\t\t\t<div class=\"elementor-column elementor-col-50 elementor-inner-column elementor-element elementor-element-14c340ed\" data-id=\"14c340ed\" data-element_type=\"column\" data-e-type=\"column\">\n\t\t\t<div class=\"elementor-widget-wrap elementor-element-populated\">\n\t\t\t\t\t\t<div class=\"elementor-element elementor-element-277812c9 elementor-hidden-mobile elementor-widget elementor-widget-image\" data-id=\"277812c9\" data-element_type=\"widget\" data-e-type=\"widget\" data-widget_type=\"image.default\">\n\t\t\t\t<div class=\"elementor-widget-container\">\n\t\t\t\t\t\t\t\t\t\t\t\t\t\t\t<img decoding=\"async\" width=\"500\" height=\"500\" src=\"https:\/\/uniteller.com\/wp-content\/uploads\/2025\/06\/50-WiFi-protection.gif\" class=\"attachment-large size-large wp-image-12072\" alt=\"50 WiFi protection\" \/>\t\t\t\t\t\t\t\t\t\t\t\t\t\t\t<\/div>\n\t\t\t\t<\/div>\n\t\t\t\t\t<\/div>\n\t\t<\/div>\n\t\t\t\t<div class=\"elementor-column elementor-col-50 elementor-inner-column elementor-element elementor-element-1ea45880\" data-id=\"1ea45880\" data-element_type=\"column\" data-e-type=\"column\">\n\t\t\t<div class=\"elementor-widget-wrap elementor-element-populated\">\n\t\t\t\t\t\t<div class=\"elementor-element elementor-element-9343004 elementor-widget elementor-widget-jet-accordion\" data-id=\"9343004\" data-element_type=\"widget\" data-e-type=\"widget\" data-widget_type=\"jet-accordion.default\">\n\t\t\t\t<div class=\"elementor-widget-container\">\n\t\t\t\t\t\t\t<div class=\"jet-accordion\" data-settings=\"{&quot;collapsible&quot;:false,&quot;ajaxTemplate&quot;:false,&quot;switchScrolling&quot;:false,&quot;switchScrollingOffset&quot;:0,&quot;switchScrollingDelay&quot;:500}\">\n\t\t\t<div class=\"jet-accordion__inner\">\n\t\t\t\t<div class=\" jet-accordion__item jet-toggle jet-toggle-move-up-effect \">\n\t\t\t\t\t\t\t<div id=\"jet-toggle-control-1541\" class=\"jet-toggle__control elementor-menu-anchor\" data-toggle=\"1\" role=\"button\" tabindex=\"0\" aria-controls=\"jet-toggle-content-1541\" aria-expanded=\"false\" data-template-id=\"false\">\n\t\t\t\t\t\t\t\t<div class=\"jet-toggle__label-icon jet-toggle-icon-position-left\"><span class=\"jet-toggle__icon icon-normal jet-tabs-icon\"><i class=\"fas fa-plus\"><\/i><\/span><span class=\"jet-toggle__icon icon-active jet-tabs-icon\"><i class=\"fas fa-minus\"><\/i><\/span><\/div><div class=\"jet-toggle__label-text\">Wi-fi p\u00fablico<\/div>\t\t\t\t\t\t\t<\/div>\n\t\t\t\t\t\t\t<div id=\"jet-toggle-content-1541\" class=\"jet-toggle__content\" data-toggle=\"1\" role=\"region\" data-template-id=\"false\">\n\t\t\t\t\t\t\t\t<div class=\"jet-toggle__content-inner\"><div id=\"fws_6226f406f0439\" class=\"wpb_row vc_row-fluid vc_row  vc_row-o-equal-height vc_row-flex  vc_row-o-content-middle standard_section  secure-tog \" data-midnight=\"dark\" data-bg-mobile-hidden=\"\"><div class=\"col span_12 dark left\"><div class=\"vc_col-sm-4\/5 vc_hidden-xs wpb_column column_container vc_column_container col no-extra-padding instance-13\" data-t-w-inherits=\"default\" data-border-radius=\"none\" data-shadow=\"none\" data-border-animation=\"\" data-border-animation-delay=\"\" data-border-width=\"none\" data-border-style=\"solid\" data-border-color=\"\" data-bg-cover=\"\" data-padding-pos=\"all\" data-has-bg-color=\"false\" data-bg-color=\"\" data-bg-opacity=\"1\" data-hover-bg=\"\" data-hover-bg-opacity=\"1\" data-animation=\"\" data-delay=\"0\"><div class=\"vc_column-inner\"><div class=\"wpb_wrapper\"><div class=\"toggles \" data-style=\"default\"><div class=\"toggle extra-color-1 open\"><div><div class=\"wpb_text_column wpb_content_element  vc_custom_1623745754319\"><div class=\"wpb_wrapper\"><p>Cuando se trata de env\u00edos de dinero, es mejor utilizar tu propia red de Wi-Fi o red de datos celulares. El Wi-Fi p\u00fablico es vulnerable a los hackers y se deber\u00eda evitar su uso a toda costa cuando realices transacciones financieras.<\/p><\/div><\/div><\/div><\/div><\/div><\/div><\/div><\/div><\/div><\/div><div id=\"fws_6226f406f0d29\" class=\"wpb_row vc_row-fluid vc_row  vc_row-o-equal-height vc_row-flex  vc_row-o-content-middle standard_section  secure-tog \" data-midnight=\"dark\" data-bg-mobile-hidden=\"\"><div class=\"row-bg-wrap\" data-bg-animation=\"none\"><div class=\"inner-wrap \">\u00a0<\/div><\/div><\/div><\/div>\n\t\t\t\t\t\t\t<\/div>\n\t\t\t\t\t\t<\/div>\t\t\t<\/div>\n\t\t<\/div>\n\t\t\t\t\t\t<\/div>\n\t\t\t\t<\/div>\n\t\t\t\t\t<\/div>\n\t\t<\/div>\n\t\t\t\t\t<\/div>\n\t\t<\/section>\n\t\t\t\t<section class=\"elementor-section elementor-inner-section elementor-element elementor-element-3c674831 elementor-section-boxed elementor-section-height-default elementor-section-height-default\" data-id=\"3c674831\" data-element_type=\"section\" data-e-type=\"section\" data-settings=\"{&quot;jet_parallax_layout_list&quot;:[]}\">\n\t\t\t\t\t\t<div class=\"elementor-container elementor-column-gap-default\">\n\t\t\t\t\t<div class=\"elementor-column elementor-col-50 elementor-inner-column elementor-element elementor-element-31d116f2\" data-id=\"31d116f2\" data-element_type=\"column\" data-e-type=\"column\">\n\t\t\t<div class=\"elementor-widget-wrap elementor-element-populated\">\n\t\t\t\t\t\t<div class=\"elementor-element elementor-element-c7151fa elementor-hidden-mobile elementor-widget elementor-widget-image\" data-id=\"c7151fa\" data-element_type=\"widget\" data-e-type=\"widget\" data-widget_type=\"image.default\">\n\t\t\t\t<div class=\"elementor-widget-container\">\n\t\t\t\t\t\t\t\t\t\t\t\t\t\t\t<img loading=\"lazy\" decoding=\"async\" width=\"500\" height=\"500\" src=\"https:\/\/uniteller.com\/wp-content\/uploads\/2025\/06\/18-Mail-Vote.gif\" class=\"attachment-large size-large wp-image-12078\" alt=\"18 Mail Vote\" \/>\t\t\t\t\t\t\t\t\t\t\t\t\t\t\t<\/div>\n\t\t\t\t<\/div>\n\t\t\t\t\t<\/div>\n\t\t<\/div>\n\t\t\t\t<div class=\"elementor-column elementor-col-50 elementor-inner-column elementor-element elementor-element-1c0296e3\" data-id=\"1c0296e3\" data-element_type=\"column\" data-e-type=\"column\">\n\t\t\t<div class=\"elementor-widget-wrap elementor-element-populated\">\n\t\t\t\t\t\t<div class=\"elementor-element elementor-element-59ea87fc elementor-widget elementor-widget-jet-accordion\" data-id=\"59ea87fc\" data-element_type=\"widget\" data-e-type=\"widget\" data-widget_type=\"jet-accordion.default\">\n\t\t\t\t<div class=\"elementor-widget-container\">\n\t\t\t\t\t\t\t<div class=\"jet-accordion\" data-settings=\"{&quot;collapsible&quot;:false,&quot;ajaxTemplate&quot;:false,&quot;switchScrolling&quot;:false,&quot;switchScrollingOffset&quot;:0,&quot;switchScrollingDelay&quot;:500}\">\n\t\t\t<div class=\"jet-accordion__inner\">\n\t\t\t\t<div class=\" jet-accordion__item jet-toggle jet-toggle-move-up-effect \">\n\t\t\t\t\t\t\t<div id=\"jet-toggle-control-1501\" class=\"jet-toggle__control elementor-menu-anchor\" data-toggle=\"1\" role=\"button\" tabindex=\"0\" aria-controls=\"jet-toggle-content-1501\" aria-expanded=\"false\" data-template-id=\"false\">\n\t\t\t\t\t\t\t\t<div class=\"jet-toggle__label-icon jet-toggle-icon-position-left\"><span class=\"jet-toggle__icon icon-normal jet-tabs-icon\"><i class=\"fas fa-plus\"><\/i><\/span><span class=\"jet-toggle__icon icon-active jet-tabs-icon\"><i class=\"fas fa-minus\"><\/i><\/span><\/div><div class=\"jet-toggle__label-text\">A cerca de compartir informaci\u00f3n<\/div>\t\t\t\t\t\t\t<\/div>\n\t\t\t\t\t\t\t<div id=\"jet-toggle-content-1501\" class=\"jet-toggle__content\" data-toggle=\"1\" role=\"region\" data-template-id=\"false\">\n\t\t\t\t\t\t\t\t<div class=\"jet-toggle__content-inner\"><p>Es importante estar al pendiente de las alertas oficiales y actualizaciones de Banorte Link con relaci\u00f3n a su cuenta. Puedes recibir actualizaciones y alertas sobre cambios de contrase\u00f1a, adici\u00f3n de un nuevo beneficiario, intentos de acceso, y otro tipo de informaci\u00f3n critica peri\u00f3dicamente.<\/p><p>Debes de tener en cuenta que los \u00fanicos correos electr\u00f3nicos utilizados para comunicarse con los clientes sobre actualizaciones de tu cuenta o estatus de transacciones son:<\/p><p style=\"padding-left: 40px;\"><a href=\"mailto:customersupport@uniteller.com\">customersupport@uniteller.com<\/a><\/p><p>Tome en cuenta que Banorte Link nunca te va a solicitar la siguiente informaci\u00f3n:<\/p><ul><li>Nunca te pediremos la contrase\u00f1a de tu cuenta Banorte Link o c\u00f3digos de autenticaci\u00f3n secundaria .<\/li><li>Nunca te pediremos informaci\u00f3n o credenciales de acceso relacionadas con los m\u00e9todos de pago asociados con tu cuenta.<\/li><li>Nunca te solicitaremos que descargues un software o solicitar acceso remoto a tu computadora.<\/li><li>SI recibes un correo electr\u00f3nico de una direcci\u00f3n aparte de las que se ha mencionado aqu\u00ed, por favor rep\u00f3rtalo a <a href=\"mailto:customersupport@uniteller.com\">customersupport@uniteller.com<\/a> o llama a nuestra l\u00ednea gratuita al 1 (800) 456 &#8211; 3492<\/li><\/ul><p>Cabe se\u00f1alar, que en ninguna circunstancia vamos a pedir informaci\u00f3n de tu cuenta o tu transacci\u00f3n a trav\u00e9s de una plataforma de redes sociales y Messenger. No divulgues informaci\u00f3n de tu cuenta de uLink a nadie a trav\u00e9s de una plataforma de redes sociales o Messenger. Si encuentras alguna cuenta de redes sociales haci\u00e9ndose pasar por Banorte Link, por favor rep\u00f3rtelo a <a href=\"mailto:customersupport@uniteller.com\">customersupport@uniteller.com<\/a>.<\/p><\/div>\n\t\t\t\t\t\t\t<\/div>\n\t\t\t\t\t\t<\/div>\t\t\t<\/div>\n\t\t<\/div>\n\t\t\t\t\t\t<\/div>\n\t\t\t\t<\/div>\n\t\t\t\t\t<\/div>\n\t\t<\/div>\n\t\t\t\t\t<\/div>\n\t\t<\/section>\n\t\t\t\t<section class=\"elementor-section elementor-inner-section elementor-element elementor-element-e652a08 elementor-section-boxed elementor-section-height-default elementor-section-height-default\" data-id=\"e652a08\" data-element_type=\"section\" data-e-type=\"section\" data-settings=\"{&quot;jet_parallax_layout_list&quot;:[]}\">\n\t\t\t\t\t\t<div class=\"elementor-container elementor-column-gap-default\">\n\t\t\t\t\t<div class=\"elementor-column elementor-col-50 elementor-inner-column elementor-element elementor-element-6d7f4c84\" data-id=\"6d7f4c84\" data-element_type=\"column\" data-e-type=\"column\">\n\t\t\t<div class=\"elementor-widget-wrap elementor-element-populated\">\n\t\t\t\t\t\t<div class=\"elementor-element elementor-element-589bfb84 elementor-hidden-mobile elementor-widget elementor-widget-image\" data-id=\"589bfb84\" data-element_type=\"widget\" data-e-type=\"widget\" data-widget_type=\"image.default\">\n\t\t\t\t<div class=\"elementor-widget-container\">\n\t\t\t\t\t\t\t\t\t\t\t\t\t\t\t<img loading=\"lazy\" decoding=\"async\" width=\"500\" height=\"500\" src=\"https:\/\/uniteller.com\/wp-content\/uploads\/2025\/06\/34-Hacker.gif\" class=\"attachment-large size-large wp-image-12084\" alt=\"34 Hacker\" \/>\t\t\t\t\t\t\t\t\t\t\t\t\t\t\t<\/div>\n\t\t\t\t<\/div>\n\t\t\t\t\t<\/div>\n\t\t<\/div>\n\t\t\t\t<div class=\"elementor-column elementor-col-50 elementor-inner-column elementor-element elementor-element-474a9e58\" data-id=\"474a9e58\" data-element_type=\"column\" data-e-type=\"column\">\n\t\t\t<div class=\"elementor-widget-wrap elementor-element-populated\">\n\t\t\t\t\t\t<div class=\"elementor-element elementor-element-271ca69b elementor-widget elementor-widget-jet-accordion\" data-id=\"271ca69b\" data-element_type=\"widget\" data-e-type=\"widget\" data-widget_type=\"jet-accordion.default\">\n\t\t\t\t<div class=\"elementor-widget-container\">\n\t\t\t\t\t\t\t<div class=\"jet-accordion\" data-settings=\"{&quot;collapsible&quot;:false,&quot;ajaxTemplate&quot;:false,&quot;switchScrolling&quot;:false,&quot;switchScrollingOffset&quot;:0,&quot;switchScrollingDelay&quot;:500}\">\n\t\t\t<div class=\"jet-accordion__inner\">\n\t\t\t\t<div class=\" jet-accordion__item jet-toggle jet-toggle-move-up-effect \">\n\t\t\t\t\t\t\t<div id=\"jet-toggle-control-6561\" class=\"jet-toggle__control elementor-menu-anchor\" data-toggle=\"1\" role=\"button\" tabindex=\"0\" aria-controls=\"jet-toggle-content-6561\" aria-expanded=\"false\" data-template-id=\"false\">\n\t\t\t\t\t\t\t\t<div class=\"jet-toggle__label-icon jet-toggle-icon-position-left\"><span class=\"jet-toggle__icon icon-normal jet-tabs-icon\"><i class=\"fas fa-plus\"><\/i><\/span><span class=\"jet-toggle__icon icon-active jet-tabs-icon\"><i class=\"fas fa-minus\"><\/i><\/span><\/div><div class=\"jet-toggle__label-text\">Reportando actividades sospechosas<\/div>\t\t\t\t\t\t\t<\/div>\n\t\t\t\t\t\t\t<div id=\"jet-toggle-content-6561\" class=\"jet-toggle__content\" data-toggle=\"1\" role=\"region\" data-template-id=\"false\">\n\t\t\t\t\t\t\t\t<div class=\"jet-toggle__content-inner\"><p>Tome medidas de precauci\u00f3n activando la m\u00e1xima seguridad en la SuperApp.<\/p><p>Utilice la configuraci\u00f3n de privacidad disponible activando Face ID o Touch ID para garantizar una capa adicional de seguridad. Adem\u00e1s, le recomendamos configurar la verificaci\u00f3n en dos pasos en la direcci\u00f3n de correo electr\u00f3nico asociada a su cuenta de Banorte Link.<br \/>Establezca una contrase\u00f1a \u00fanica. Duplicar contrase\u00f1as en plataformas como correo electr\u00f3nico, banca y redes sociales puede comprometer su seguridad y provocar el robo de identidad.<br \/>Considere la seguridad de su contrase\u00f1a. \u00abPassword123\u00bb puede ser f\u00e1cil de recordar, pero \u00bfes necesario decir que no es segura? A los hackers les gusta ir a lo m\u00e1s f\u00e1cil y probar primero las opciones obvias. Evite usar su nombre, direcci\u00f3n, fecha de nacimiento o datos personales al establecer una contrase\u00f1a. En su lugar, use al menos ocho caracteres con una combinaci\u00f3n de letras min\u00fasculas y may\u00fasculas, n\u00fameros y s\u00edmbolos.<br \/>No comparta, guarde autom\u00e1ticamente ni guarde su contrase\u00f1a en l\u00ednea.<br \/>Cambie su contrase\u00f1a peri\u00f3dicamente.<\/p><\/div>\n\t\t\t\t\t\t\t<\/div>\n\t\t\t\t\t\t<\/div>\t\t\t<\/div>\n\t\t<\/div>\n\t\t\t\t\t\t<\/div>\n\t\t\t\t<\/div>\n\t\t\t\t\t<\/div>\n\t\t<\/div>\n\t\t\t\t\t<\/div>\n\t\t<\/section>\n\t\t\t\t\t<\/div>\n\t\t<\/div>\n\t\t\t\t\t<\/div>\n\t\t<\/section>\n\t\t\t\t<\/div>\n\t\t","protected":false},"excerpt":{"rendered":"<p>En UniTeller, tu seguridad es nuestra m\u00e1xima prioridad. Aunque contamos con la tecnolog\u00eda mas moderna y procesos que te mantienen a ti y a tu informaci\u00f3n financiera protegida, hay ciertas medidas que puedes tomar de tu lado para mantener tu cuenta segura. Mantenerse informado acerca de los tipos de fraude que existen, es el primer [&hellip;]<\/p>\n","protected":false},"author":1,"featured_media":0,"parent":11995,"menu_order":0,"comment_status":"closed","ping_status":"closed","template":"","meta":{"_monsterinsights_skip_tracking":false,"_monsterinsights_sitenote_active":false,"_monsterinsights_sitenote_note":"","_monsterinsights_sitenote_category":0,"footnotes":""},"class_list":["post-12092","page","type-page","status-publish","hentry"],"aioseo_notices":[],"_links":{"self":[{"href":"https:\/\/uniteller.com\/es\/wp-json\/wp\/v2\/pages\/12092","targetHints":{"allow":["GET"]}}],"collection":[{"href":"https:\/\/uniteller.com\/es\/wp-json\/wp\/v2\/pages"}],"about":[{"href":"https:\/\/uniteller.com\/es\/wp-json\/wp\/v2\/types\/page"}],"author":[{"embeddable":true,"href":"https:\/\/uniteller.com\/es\/wp-json\/wp\/v2\/users\/1"}],"replies":[{"embeddable":true,"href":"https:\/\/uniteller.com\/es\/wp-json\/wp\/v2\/comments?post=12092"}],"version-history":[{"count":0,"href":"https:\/\/uniteller.com\/es\/wp-json\/wp\/v2\/pages\/12092\/revisions"}],"up":[{"embeddable":true,"href":"https:\/\/uniteller.com\/es\/wp-json\/wp\/v2\/pages\/11995"}],"wp:attachment":[{"href":"https:\/\/uniteller.com\/es\/wp-json\/wp\/v2\/media?parent=12092"}],"curies":[{"name":"wp","href":"https:\/\/api.w.org\/{rel}","templated":true}]}}